{"id":92,"date":"2024-02-12T23:04:02","date_gmt":"2024-02-12T22:04:02","guid":{"rendered":"https:\/\/bellica.org\/?page_id=92"},"modified":"2024-02-13T00:05:40","modified_gmt":"2024-02-12T23:05:40","slug":"projects","status":"publish","type":"page","link":"https:\/\/bellica.org\/?page_id=92","title":{"rendered":"Projects"},"content":{"rendered":"\n<div class=\"wp-block-group is-layout-flow wp-block-group-is-layout-flow\" style=\"padding-right:var(--wp--preset--spacing--xxxx-large);padding-left:var(--wp--preset--spacing--xxxx-large)\"><h4 style=\"color:#535353; padding-right:0;padding-left:var(--wp--preset--spacing--xx-large);\" class=\"has-link-color wp-elements-4410b86a4f6b00b6fd87bd9fbd0de2a5 wp-block-post-title has-text-color has-large-font-size\">Projects<\/h4>\n\n\n<div class=\"wp-block-columns is-layout-flex wp-container-core-columns-is-layout-ec2e7a44 wp-block-columns-is-layout-flex\" style=\"padding-top:0;padding-bottom:0\">\n<div class=\"wp-block-column is-layout-flow wp-block-column-is-layout-flow\"><\/div>\n\n\n\n<div class=\"wp-block-column is-layout-flow wp-block-column-is-layout-flow\" style=\"flex-basis:80%\">\n<p class=\"has-text-color has-link-color has-small-font-size wp-elements-00e74e889eab7c2365659f89d4c3f508\" style=\"color:#535353;padding-right:0;padding-left:0;line-height:1.9\">Below is an overview of the main projects Bellica consultants have been involved in.<\/p>\n<\/div>\n\n\n\n<div class=\"wp-block-column is-layout-flow wp-block-column-is-layout-flow\"><\/div>\n<\/div>\n<\/div>\n\n\n\n<div class=\"wp-block-group gray-overlay has-global-padding is-layout-constrained wp-container-core-group-is-layout-022cbc21 wp-block-group-is-layout-constrained has-background\" style=\"padding-top:var(--wp--preset--spacing--xx-large);padding-bottom:var(--wp--preset--spacing--xx-large);background-image:url(&apos;https:\/\/bellica.org\/wp-content\/uploads\/2024\/02\/20131229_113009-grad-1.jpg&apos;);background-size:cover;\">\n<div class=\"wp-block-group is-layout-flow wp-block-group-is-layout-flow\">\n<p class=\"has-base-font-size\"><strong>Research &amp; policy<\/strong><\/p>\n\n\n\n<ul style=\"line-height:1\" class=\"has-x-small-font-size wp-block-list\">\n<li>United Nations &#8211; technical note <em>Gender considerations in the Uniformed Child Protection Focal Point System<\/em> (ongoing)<\/li>\n\n\n\n<li>University of Groningen &#8211; PhD research <em>Dead body management in armed conflict <\/em>(ongoing)<\/li>\n\n\n\n<li>University of Groningen &#8211; Historical treatment of the dead in armed conflict (part of PhD research, ongoing)<\/li>\n\n\n\n<li>UN Special Rapporteur on Extrajudicial, Summary or Arbitrary Executions &#8211; research <em>Protection of the dead<\/em> (ongoing)<\/li>\n<\/ul>\n<\/div>\n\n\n\n<div class=\"wp-block-group is-layout-flow wp-block-group-is-layout-flow\" style=\"padding-top:var(--wp--preset--spacing--small)\">\n<p class=\"has-base-font-size\"><strong>Training &amp; speaking<\/strong><\/p>\n\n\n\n<ul style=\"line-height:1\" class=\"has-x-small-font-size wp-block-list\">\n<li>Ministry of Foreign Affairs of the Netherlands &#8211; panelist in UN Peacekeeping Defence Ministerial Preparatory Conference (2019)<\/li>\n\n\n\n<li>PAX &#8211; lecture <em>Protection of civilians training: mission impossible?<\/em> in PAX POC conference: Protection of Civilian, Shared Goals, Different Visions? (2017)<\/li>\n\n\n\n<li>NATO Stability Policing Centre of Excellence &#8211; lectures: (1) <em>International legal frameworks;<\/em> (2) <em>Respecting host nation law and culture, <\/em>in courses: Preserving Crime Scenes; Crowd and Riot Control in International Conflict; Stability Policing for Leaders; Stability Policing for Planners (2016-2019)<\/li>\n\n\n\n<li>Finnish Armed Forces International Centre (FINCENT) &#8211; lectures: (1)&nbsp;<em>The role of humanitarian assistance in crisis management; <\/em>(2) <em>Operational modalities, structures and tasks of the civilian component;<\/em> (3) <em>Protection of civilians in international peackeeping;<\/em> (4) <em>Legal challenges to the management of dead bodies in armed conflict<\/em>, in course: Integrated Crisis Management Course for East Africa Standby Forces (2016-2018)<\/li>\n\n\n\n<li>Institute for International Conflict Resolution and Reconstruction &#8211; lecture: <em>Protection of civilians in practice by UN peacekeeping missions<\/em>, in seminar (2017)<\/li>\n\n\n\n<li>International Association of Professionals in Humanitarian Assistance and Protection (PHAP) &#8211; lectures: (1) <em>Armed non-state actors under IHL and IHRL<\/em>; (2) <em>Principles of humanitarian action<\/em>; (3) <em>Protection of civilians<\/em>, in course: Core Professional Course on Humanitarian Law and Policy (2014-2016)<\/li>\n\n\n\n<li>Carabinieri Officers Academy &#8211; lecture: D<em>ead body management in armed conflict,<\/em> in course: International Humanitarian Law for Carabinieri Officers (2016)<\/li>\n\n\n\n<li>International Committee of the Red Cross (ICRC) &#8211; lecture <em>R\u00e9fugi\u00e9s et personnes d\u00e9plac\u00e9s dans les conflits arm\u00e9s<\/em>, in course: Cours introductif de droit international humanitaire pour professionels de l&#8217;humanitaire (2016)<\/li>\n<\/ul>\n<\/div>\n\n\n\n<div class=\"wp-block-group is-layout-flow wp-block-group-is-layout-flow\" style=\"padding-top:var(--wp--preset--spacing--small)\">\n<p class=\"has-base-font-size\"><strong>Writing &amp; editing<\/strong><\/p>\n\n\n\n<ul style=\"line-height:1\" class=\"has-x-small-font-size wp-block-list\">\n<li>UN Special Rapporteur on Extrajudicial, Summary or Arbitrary Executions &#8211;&nbsp;vision report, section D (2021)<\/li>\n\n\n\n<li>PAX &#8211; <em>On Civilian Harm<\/em> (2021)<\/li>\n\n\n\n<li>International Peace Institute &#8211; <em>UN Peacekeeping Operations and Gendered Threats to the Protection of Civilians<\/em> (2021)<\/li>\n\n\n\n<li>Kleio &#8211; <em>Violation of war dead in antiquity: a crime?<\/em> (in Dutch, 2020)<\/li>\n\n\n\n<li>Human Remains &amp; Violence &#8211; book review (2020)<\/li>\n\n\n\n<li>Global Observatory &#8211; <em>The Many Meanings of Protection of Civilians: A Truth Universally Acknowledged?<\/em> (2019)<\/li>\n\n\n\n<li>Oxfam Russia conference papers &#8211; <em>The language of protection: need for new semantics?<\/em> (2016)<\/li>\n\n\n\n<li>Hermeneus &#8211;<em> What to do with the dead after battle? A comparison between antiquity and the present<\/em> (in Dutch, 2016)<\/li>\n\n\n\n<li>W. Wels, <em>Dead body management in armed conflict: paradoxes in trying to do justice to the dead<\/em> (2015)<\/li>\n\n\n\n<li>ITPCM Newsletter &#8211; <em>Balancing Law, Legitimacy and Life: Human Protection in Armed Conflict <\/em>(2009)<\/li>\n\n\n\n<li>Bohn Stafleu van Loghum &#8211; <em>Managing complaints on rights violations in mental health care<\/em> (in Dutch, 2004)<\/li>\n<\/ul>\n<\/div>\n\n\n\n<div class=\"wp-block-group is-layout-flow wp-block-group-is-layout-flow\" style=\"padding-top:var(--wp--preset--spacing--small)\">\n<p class=\"has-base-font-size\"><strong>Evaluations &amp; reviews<\/strong><\/p>\n\n\n\n<ul style=\"line-height:1\" class=\"has-x-small-font-size wp-block-list\">\n<li>Ministry of Foreign Affairs of the Netherlands &#8211; evaluation of Mine Action and Cluster Munitions programme 2016-2020 (2019)<\/li>\n\n\n\n<li>Centre for Civilians in Conflict (CIVIC) &#8211; workshop report <em>Enhancing the Impact of Community Engagement for the Protection of Civilians in South Sudan<\/em> (2017)<\/li>\n\n\n\n<li>Oxfam &#8211; final evaluation of <em>Protection in Practice<\/em> programme (2018)<\/li>\n\n\n\n<li>Danish Demining Group &#8211; tender for Mine Action and Cluster Munitions programme (2016)<\/li>\n<\/ul>\n<\/div>\n<\/div>\n","protected":false},"excerpt":{"rendered":"<p>Below is an overview of the main projects Bellica consultants have been involved in. Research &amp; policy Training &amp; speaking Writing &amp; editing Evaluations &amp; reviews<\/p>\n","protected":false},"author":1,"featured_media":0,"parent":0,"menu_order":0,"comment_status":"closed","ping_status":"closed","template":"","meta":{"footnotes":""},"class_list":["post-92","page","type-page","status-publish","hentry"],"_links":{"self":[{"href":"https:\/\/bellica.org\/index.php?rest_route=\/wp\/v2\/pages\/92","targetHints":{"allow":["GET"]}}],"collection":[{"href":"https:\/\/bellica.org\/index.php?rest_route=\/wp\/v2\/pages"}],"about":[{"href":"https:\/\/bellica.org\/index.php?rest_route=\/wp\/v2\/types\/page"}],"author":[{"embeddable":true,"href":"https:\/\/bellica.org\/index.php?rest_route=\/wp\/v2\/users\/1"}],"replies":[{"embeddable":true,"href":"https:\/\/bellica.org\/index.php?rest_route=%2Fwp%2Fv2%2Fcomments&post=92"}],"version-history":[{"count":25,"href":"https:\/\/bellica.org\/index.php?rest_route=\/wp\/v2\/pages\/92\/revisions"}],"predecessor-version":[{"id":165,"href":"https:\/\/bellica.org\/index.php?rest_route=\/wp\/v2\/pages\/92\/revisions\/165"}],"wp:attachment":[{"href":"https:\/\/bellica.org\/index.php?rest_route=%2Fwp%2Fv2%2Fmedia&parent=92"}],"curies":[{"name":"wp","href":"https:\/\/api.w.org\/{rel}","templated":true}]}}